{"id":15,"date":"2025-03-16T18:26:49","date_gmt":"2025-03-16T17:26:49","guid":{"rendered":"http:\/\/www.kinecycle.fr\/?page_id=15"},"modified":"2025-12-22T07:02:34","modified_gmt":"2025-12-22T06:02:34","slug":"accueil","status":"publish","type":"page","link":"https:\/\/www.kinecycle.fr\/","title":{"rendered":"Accueil"},"content":{"rendered":"\n<div class=\"wp-block-cover alignfull has-custom-content-position is-position-top-center wp-duotone-unset-3\" style=\"margin-top:0;padding-top:5vw;padding-right:5vw;padding-bottom:5vw;padding-left:5vw;min-height:500px;aspect-ratio:unset;\"><span aria-hidden=\"true\" class=\"wp-block-cover__background has-contrast-background-color has-background-dim-100 has-background-dim\"><\/span><div class=\"wp-block-cover__inner-container is-layout-flow wp-block-cover-is-layout-flow\">\n<div class=\"wp-block-columns is-layout-flex wp-container-core-columns-is-layout-9d6595d7 wp-block-columns-is-layout-flex\">\n<div class=\"wp-block-column is-vertically-aligned-center is-layout-flow wp-block-column-is-layout-flow\">\n<div class=\"wp-block-group is-vertical is-content-justification-right is-layout-flex wp-container-core-group-is-layout-b6c475e2 wp-block-group-is-layout-flex\">\n<p class=\"has-text-align-right has-base-color has-text-color wp-container-content-9cfa9a5a\" style=\"font-size:57px;font-style:normal;font-weight:800;letter-spacing:-6px;line-height:0.8;text-transform:uppercase\">KINECyCLE<\/p>\n\n\n\n<p class=\"has-text-align-right has-accent-color has-text-color\" style=\"font-size:40px;font-style:normal;font-weight:800;letter-spacing:0px;line-height:1;text-transform:uppercase\">Etude<\/p>\n\n\n\n<p class=\"has-text-align-left has-accent-color has-text-color\" style=\"font-size:40px;font-style:normal;font-weight:800;letter-spacing:0px;line-height:1;text-transform:uppercase\">posturale<\/p>\n\n\n\n<p class=\"has-text-align-left has-text-color\" style=\"color:#bf9d1f;font-size:80px;font-style:normal;font-weight:800;letter-spacing:0px;line-height:0.8;text-transform:uppercase\">&amp; PLUS<\/p>\n\n\n\n<div style=\"height:74px\" aria-hidden=\"true\" class=\"wp-block-spacer wp-container-content-50458b9d\"><\/div>\n<\/div>\n\n\n\n<div class=\"wp-block-buttons is-content-justification-right is-layout-flex wp-container-core-buttons-is-layout-765c4724 wp-block-buttons-is-layout-flex\">\n<div class=\"wp-block-button is-style-outline is-style-outline--1\"><a class=\"wp-block-button__link has-base-3-color has-contrast-background-color has-text-color has-background has-link-color has-medium-font-size has-custom-font-size wp-element-button\" href=\"https:\/\/www.kinecycle.fr\/?page_id=19\" style=\"border-top-left-radius:50px;border-top-right-radius:50px;border-bottom-left-radius:50px;border-bottom-right-radius:50px\">+ info<\/a><\/div>\n\n\n\n<div class=\"wp-block-button is-style-outline is-style-outline--2\"><a class=\"wp-block-button__link has-base-color has-contrast-background-color has-text-color has-background has-link-color has-medium-font-size has-custom-font-size wp-element-button\" href=\"https:\/\/www.kinecycle.fr\/?page_id=17\" style=\"border-top-left-radius:50px;border-top-right-radius:50px;border-bottom-left-radius:50px;border-bottom-right-radius:50px\">Prende RDV<\/a><\/div>\n<\/div>\n<\/div>\n\n\n\n<div class=\"wp-block-column is-layout-flow wp-block-column-is-layout-flow\"><div class=\"wp-block-image\">\n<figure class=\"aligncenter size-large is-resized\"><img loading=\"lazy\" decoding=\"async\" width=\"1024\" height=\"1024\" src=\"http:\/\/www.kinecycle.fr\/wp-content\/uploads\/2025\/03\/image01-1024x1024.jpg\" alt=\"\" class=\"wp-image-45\" style=\"width:455px;height:auto\" srcset=\"https:\/\/www.kinecycle.fr\/wp-content\/uploads\/2025\/03\/image01-1024x1024.jpg 1024w, https:\/\/www.kinecycle.fr\/wp-content\/uploads\/2025\/03\/image01-300x300.jpg 300w, https:\/\/www.kinecycle.fr\/wp-content\/uploads\/2025\/03\/image01-150x150.jpg 150w, https:\/\/www.kinecycle.fr\/wp-content\/uploads\/2025\/03\/image01-768x768.jpg 768w, https:\/\/www.kinecycle.fr\/wp-content\/uploads\/2025\/03\/image01.jpg 1077w\" sizes=\"auto, (max-width: 1024px) 100vw, 1024px\" \/><\/figure>\n<\/div><\/div>\n<\/div>\n<\/div><\/div>\n\n\n\n<div style=\"height:100px\" aria-hidden=\"true\" class=\"wp-block-spacer\"><\/div>\n\n\n\n<h2 class=\"wp-block-heading has-large-font-size\" style=\"font-style:normal;font-weight:700;text-transform:uppercase\">Services propos\u00e9s<\/h2>\n\n\n\n<div class=\"wp-block-columns is-layout-flex wp-container-core-columns-is-layout-9d6595d7 wp-block-columns-is-layout-flex\">\n<div class=\"wp-block-column neve-duotone is-layout-flow wp-block-column-is-layout-flow\" style=\"padding-right:var(--wp--preset--spacing--30);padding-left:var(--wp--preset--spacing--30)\"><div class=\"wp-block-image icon-style is-style-rounded wp-duotone-unset-4\">\n<figure class=\"aligncenter size-full is-resized has-custom-border\"><img loading=\"lazy\" decoding=\"async\" width=\"4000\" height=\"4000\" src=\"http:\/\/www.kinecycle.fr\/wp-content\/uploads\/2025\/03\/momo-studio-zdP0B7dzuwE-unsplash.png\" alt=\"\" class=\"wp-image-51\" style=\"border-radius:0px;width:167px;height:auto\" title=\"\" srcset=\"https:\/\/www.kinecycle.fr\/wp-content\/uploads\/2025\/03\/momo-studio-zdP0B7dzuwE-unsplash.png 4000w, https:\/\/www.kinecycle.fr\/wp-content\/uploads\/2025\/03\/momo-studio-zdP0B7dzuwE-unsplash-300x300.png 300w, https:\/\/www.kinecycle.fr\/wp-content\/uploads\/2025\/03\/momo-studio-zdP0B7dzuwE-unsplash-1024x1024.png 1024w, https:\/\/www.kinecycle.fr\/wp-content\/uploads\/2025\/03\/momo-studio-zdP0B7dzuwE-unsplash-150x150.png 150w, https:\/\/www.kinecycle.fr\/wp-content\/uploads\/2025\/03\/momo-studio-zdP0B7dzuwE-unsplash-768x768.png 768w, https:\/\/www.kinecycle.fr\/wp-content\/uploads\/2025\/03\/momo-studio-zdP0B7dzuwE-unsplash-1536x1536.png 1536w, https:\/\/www.kinecycle.fr\/wp-content\/uploads\/2025\/03\/momo-studio-zdP0B7dzuwE-unsplash-2048x2048.png 2048w\" sizes=\"auto, (max-width: 4000px) 100vw, 4000px\" \/><\/figure>\n<\/div>\n\n\n<div style=\"height:16px\" aria-hidden=\"true\" class=\"wp-block-spacer\"><\/div>\n\n\n\n<h2 class=\"wp-block-heading has-text-align-center has-neve-text-color-color has-text-color\">Etude posturale<\/h2>\n\n\n\n<p class=\"has-text-align-center has-small-font-size\">L&rsquo;\u00e9tude posturale est une \u00e9tape cruciale pour optimiser votre performance en cyclisme et pr\u00e9venir des blesures.<\/p>\n\n\n\n<p class=\"has-text-align-center has-small-font-size\"><strong>ROUTE, VTT, GRAVEL VTC <\/strong><\/p>\n\n\n\n<div class=\"wp-block-buttons is-content-justification-center is-layout-flex wp-container-core-buttons-is-layout-16018d1d wp-block-buttons-is-layout-flex\">\n<div class=\"wp-block-button has-custom-width wp-block-button__width-75 is-style-fill\"><a class=\"wp-block-button__link has-vivid-cyan-blue-background-color has-background has-small-font-size has-custom-font-size wp-element-button\" href=\"https:\/\/www.kinecycle.fr\/?page_id=19\">Plus d&rsquo;infos<\/a><\/div>\n<\/div>\n\n\n\n<div style=\"height:20px\" aria-hidden=\"true\" class=\"wp-block-spacer\"><\/div>\n<\/div>\n\n\n\n<div class=\"wp-block-column is-layout-flow wp-block-column-is-layout-flow\" style=\"padding-right:var(--wp--preset--spacing--30);padding-left:var(--wp--preset--spacing--30)\"><div class=\"wp-block-image icon-style is-style-rounded\">\n<figure class=\"aligncenter size-full has-custom-border\"><img loading=\"lazy\" decoding=\"async\" width=\"1170\" height=\"836\" src=\"http:\/\/www.kinecycle.fr\/wp-content\/uploads\/2025\/03\/image02.jpg\" alt=\"\" class=\"wp-image-47\" style=\"border-radius:0px\" title=\"\" srcset=\"https:\/\/www.kinecycle.fr\/wp-content\/uploads\/2025\/03\/image02.jpg 1170w, https:\/\/www.kinecycle.fr\/wp-content\/uploads\/2025\/03\/image02-300x214.jpg 300w, https:\/\/www.kinecycle.fr\/wp-content\/uploads\/2025\/03\/image02-1024x732.jpg 1024w, https:\/\/www.kinecycle.fr\/wp-content\/uploads\/2025\/03\/image02-768x549.jpg 768w\" sizes=\"auto, (max-width: 1170px) 100vw, 1170px\" \/><\/figure>\n<\/div>\n\n\n<div style=\"height:16px\" aria-hidden=\"true\" class=\"wp-block-spacer\"><\/div>\n\n\n\n<h2 class=\"wp-block-heading has-text-align-center has-neve-text-color-color has-text-color\">Massage sportif<\/h2>\n\n\n\n<p class=\"has-text-align-center has-small-font-size\">Le&nbsp;<strong>massage sportif<\/strong>&nbsp;est une technique essentielle pour les cyclistes, visant \u00e0 am\u00e9liorer la performance et \u00e0 favoriser la r\u00e9cup\u00e9ration. <\/p>\n\n\n\n<div style=\"height:20px\" aria-hidden=\"true\" class=\"wp-block-spacer\"><\/div>\n<\/div>\n\n\n\n<div class=\"wp-block-column is-layout-flow wp-block-column-is-layout-flow\" style=\"padding-right:var(--wp--preset--spacing--30);padding-left:var(--wp--preset--spacing--30)\"><div class=\"wp-block-image icon-style is-style-rounded wp-duotone-unset-5\">\n<figure class=\"aligncenter size-full is-resized has-custom-border\"><img loading=\"lazy\" decoding=\"async\" width=\"1170\" height=\"818\" src=\"http:\/\/www.kinecycle.fr\/wp-content\/uploads\/2025\/03\/image05.jpg\" alt=\"\" class=\"wp-image-46\" style=\"border-radius:0px;width:259px;height:auto\" title=\"\" srcset=\"https:\/\/www.kinecycle.fr\/wp-content\/uploads\/2025\/03\/image05.jpg 1170w, https:\/\/www.kinecycle.fr\/wp-content\/uploads\/2025\/03\/image05-300x210.jpg 300w, https:\/\/www.kinecycle.fr\/wp-content\/uploads\/2025\/03\/image05-1024x716.jpg 1024w, https:\/\/www.kinecycle.fr\/wp-content\/uploads\/2025\/03\/image05-768x537.jpg 768w\" sizes=\"auto, (max-width: 1170px) 100vw, 1170px\" \/><\/figure>\n<\/div>\n\n\n<div style=\"height:16px\" aria-hidden=\"true\" class=\"wp-block-spacer\"><\/div>\n\n\n\n<h2 class=\"wp-block-heading has-text-align-center has-neve-text-color-color has-text-color\">Kin\u00e9sith\u00e9rapie<\/h2>\n\n\n\n<p class=\"has-text-align-center has-small-font-size\">Chaque programme de kin\u00e9sith\u00e9rapie est personnalis\u00e9 en fonction de vos besoins et de votre niveau, garantissant ainsi une approche adapt\u00e9e \u00e0 votre pratique. Notre objectif est de vous accompagner dans votre passion pour le cyclisme tout en veillant \u00e0 votre bien-\u00eatre.<\/p>\n\n\n\n<div style=\"height:20px\" aria-hidden=\"true\" class=\"wp-block-spacer\"><\/div>\n<\/div>\n<\/div>\n\n\n\n<div class=\"wp-block-cover alignfull wp-duotone-000000-006bff-7\" style=\"min-height:383px;aspect-ratio:unset;\"><img loading=\"lazy\" decoding=\"async\" width=\"1024\" height=\"678\" class=\"wp-block-cover__image-background wp-image-356 size-large\" alt=\"\" src=\"http:\/\/www.kinecycle.fr\/wp-content\/uploads\/2025\/11\/blue-abstract-background-1024x678.jpg\" data-object-fit=\"cover\" srcset=\"https:\/\/www.kinecycle.fr\/wp-content\/uploads\/2025\/11\/blue-abstract-background-1024x678.jpg 1024w, https:\/\/www.kinecycle.fr\/wp-content\/uploads\/2025\/11\/blue-abstract-background-300x199.jpg 300w, https:\/\/www.kinecycle.fr\/wp-content\/uploads\/2025\/11\/blue-abstract-background-768x509.jpg 768w, https:\/\/www.kinecycle.fr\/wp-content\/uploads\/2025\/11\/blue-abstract-background-1536x1018.jpg 1536w, https:\/\/www.kinecycle.fr\/wp-content\/uploads\/2025\/11\/blue-abstract-background.jpg 1920w\" sizes=\"auto, (max-width: 1024px) 100vw, 1024px\" \/><span aria-hidden=\"true\" class=\"wp-block-cover__background has-background-dim\" style=\"background-color:#316da9\"><\/span><div class=\"wp-block-cover__inner-container is-layout-constrained wp-block-cover-is-layout-constrained\">\n<div style=\"height:100px\" aria-hidden=\"true\" class=\"wp-block-spacer\"><\/div>\n\n\n\n<p class=\"has-text-align-center has-large-font-size\" style=\"font-style:normal;font-weight:700;text-transform:uppercase\">Consultez le blog<\/p>\n\n\n\n<div class=\"wp-block-columns is-layout-flex wp-container-core-columns-is-layout-9d6595d7 wp-block-columns-is-layout-flex\">\n<div class=\"wp-block-column is-layout-flow wp-block-column-is-layout-flow\"><div class=\"wp-block-image is-style-default\">\n<figure class=\"aligncenter size-large is-resized\"><img loading=\"lazy\" decoding=\"async\" width=\"1024\" height=\"682\" src=\"http:\/\/www.kinecycle.fr\/wp-content\/uploads\/2025\/04\/lap-1819651_1280-1024x682.jpg\" alt=\"\" class=\"wp-image-281\" style=\"aspect-ratio:1;object-fit:cover;width:358px;height:auto\" srcset=\"https:\/\/www.kinecycle.fr\/wp-content\/uploads\/2025\/04\/lap-1819651_1280-1024x682.jpg 1024w, https:\/\/www.kinecycle.fr\/wp-content\/uploads\/2025\/04\/lap-1819651_1280-300x200.jpg 300w, https:\/\/www.kinecycle.fr\/wp-content\/uploads\/2025\/04\/lap-1819651_1280-768x512.jpg 768w, https:\/\/www.kinecycle.fr\/wp-content\/uploads\/2025\/04\/lap-1819651_1280.jpg 1280w\" sizes=\"auto, (max-width: 1024px) 100vw, 1024px\" \/><\/figure>\n<\/div><\/div>\n\n\n\n<div class=\"wp-block-column is-vertically-aligned-center is-layout-flow wp-block-column-is-layout-flow\">\n<p class=\"has-white-color has-text-color has-link-color wp-elements-c196e1550fd9c5b42ca491f8133503bd\">Bienvenue sur le blog de <strong>KineCycle<\/strong> ! Vous y trouverez des conseils simples et concrets pour mieux comprendre votre corps, optimiser votre posture \u00e0 v\u00e9lo et am\u00e9liorer votre confort. Que vous soyez cycliste du dimanche ou mordu de performance, ce blog est fait pour vous.<\/p>\n\n\n\n<p class=\"has-white-color has-text-color has-link-color wp-elements-434d3ec96191f7a0f1018d97b9b39483\">Chaque article est l\u00e0 pour vous aider \u00e0 progresser, pr\u00e9venir les douleurs, et rouler plus sereinement. Bonne lecture !<\/p>\n\n\n\n<div style=\"height:64px\" aria-hidden=\"true\" class=\"wp-block-spacer\"><\/div>\n\n\n\n<div class=\"wp-block-buttons is-vertical is-content-justification-center is-layout-flex wp-container-core-buttons-is-layout-7e4a1ecc wp-block-buttons-is-layout-flex\">\n<div class=\"wp-block-button is-style-outline is-style-outline--6\"><a class=\"wp-block-button__link has-white-color has-contrast-background-color has-text-color has-background has-link-color wp-element-button\" href=\"https:\/\/www.kinecycle.fr\/?page_id=20\" style=\"border-top-left-radius:50px;border-top-right-radius:50px;border-bottom-left-radius:50px;border-bottom-right-radius:50px\">Blog<\/a><\/div>\n<\/div>\n<\/div>\n<\/div>\n<\/div><\/div>\n\n\n\n<p><\/p>\n","protected":false},"excerpt":{"rendered":"<p>Services propos\u00e9s Etude posturale L&rsquo;\u00e9tude posturale est une \u00e9tape cruciale pour optimiser votre performance en cyclisme et pr\u00e9venir des blesures. ROUTE, VTT, GRAVEL VTC Massage sportif Le&nbsp;massage sportif&nbsp;est une technique essentielle pour les cyclistes, visant \u00e0 am\u00e9liorer la performance et \u00e0 favoriser la r\u00e9cup\u00e9ration. Kin\u00e9sith\u00e9rapie Chaque programme de kin\u00e9sith\u00e9rapie est personnalis\u00e9 en fonction de vos &#8230; <a title=\"Accueil\" class=\"read-more\" href=\"https:\/\/www.kinecycle.fr\/\" aria-label=\"En savoir plus sur Accueil\">Lire la suite<\/a><\/p>\n","protected":false},"author":1,"featured_media":0,"parent":0,"menu_order":0,"comment_status":"closed","ping_status":"closed","template":"","meta":{"footnotes":""},"class_list":["post-15","page","type-page","status-publish"],"_links":{"self":[{"href":"https:\/\/www.kinecycle.fr\/index.php?rest_route=\/wp\/v2\/pages\/15","targetHints":{"allow":["GET"]}}],"collection":[{"href":"https:\/\/www.kinecycle.fr\/index.php?rest_route=\/wp\/v2\/pages"}],"about":[{"href":"https:\/\/www.kinecycle.fr\/index.php?rest_route=\/wp\/v2\/types\/page"}],"author":[{"embeddable":true,"href":"https:\/\/www.kinecycle.fr\/index.php?rest_route=\/wp\/v2\/users\/1"}],"replies":[{"embeddable":true,"href":"https:\/\/www.kinecycle.fr\/index.php?rest_route=%2Fwp%2Fv2%2Fcomments&post=15"}],"version-history":[{"count":42,"href":"https:\/\/www.kinecycle.fr\/index.php?rest_route=\/wp\/v2\/pages\/15\/revisions"}],"predecessor-version":[{"id":407,"href":"https:\/\/www.kinecycle.fr\/index.php?rest_route=\/wp\/v2\/pages\/15\/revisions\/407"}],"wp:attachment":[{"href":"https:\/\/www.kinecycle.fr\/index.php?rest_route=%2Fwp%2Fv2%2Fmedia&parent=15"}],"curies":[{"name":"wp","href":"https:\/\/api.w.org\/{rel}","templated":true}]}}